{"id":8231,"date":"2023-11-10T17:44:32","date_gmt":"2023-11-10T15:44:32","guid":{"rendered":"https:\/\/chrisp.lautre.net\/wpblog\/?page_id=8231"},"modified":"2024-04-01T18:23:24","modified_gmt":"2024-04-01T16:23:24","slug":"16-juillet-1979-la-plus-grande-catastrophe-nucleaire-se-produit-a-church-rock-maintenant-la-3eme-apres-chernobyl-et-fukushima","status":"publish","type":"page","link":"https:\/\/chrisp.lautre.net\/wpblog\/?page_id=8231","title":{"rendered":"16 JUILLET 1979, LA PLUS GRANDE CATASTROPHE NUCL\u00c9AIRE SE PRODUIT \u00c0 CHURCH ROCK (Maintenant la 3\u00e8me, apr\u00e8s Chernobyl et Fukushima)"},"content":{"rendered":"<p><em><a href=\"https:\/\/chrisp.lautre.net\/gallery\/displayimage.php?album=56&amp;pid=1300#top_display_media\"><img decoding=\"async\" loading=\"lazy\" class=\"alignnone \" src=\"https:\/\/chrisp.lautre.net\/gallery\/albums\/Mines\/chr-50996.jpg\" width=\"600\" height=\"400\" \/><\/a><br \/>\n<\/em><br \/>\n<em><a href=\"https:\/\/chrisp.lautre.net\/wpblog\/?attachment_id=4998\" rel=\"attachment wp-att-4998\"><img decoding=\"async\" loading=\"lazy\" class=\"alignnone size-full wp-image-4998\" src=\"https:\/\/chrisp.lautre.net\/wpblog\/wp-content\/uploads\/OneLineFilling.jpg\" alt=\"\" width=\"600\" height=\"10\" srcset=\"https:\/\/chrisp.lautre.net\/wpblog\/wp-content\/uploads\/OneLineFilling.jpg 600w, https:\/\/chrisp.lautre.net\/wpblog\/wp-content\/uploads\/OneLineFilling-300x5.jpg 300w\" sizes=\"(max-width: 600px) 100vw, 600px\" \/><\/a><\/em><br \/>\n<em><br \/>\n<a href=\"https:\/\/chrisp.lautre.net\/gallery\/displayimage.php?album=56&amp;pid=2613#top_display_media\"><img decoding=\"async\" loading=\"lazy\" class=\"alignright \" src=\"https:\/\/chrisp.lautre.net\/gallery\/albums\/Mines\/chr-50947.jpg\" width=\"245\" height=\"165\" \/><\/a>Le 16 juillet 1979, s&#8217;est produit la plus grande catastrophe nucl\u00e9aire jusqu&#8217;alors. Depuis, Chernobyl et Fukushima ont fait mieux. Mais Church Rock reste une catastrophe majeure qui a encore des effets aujourd&#8217;hui. Personne n&#8217;en a parl\u00e9, vu que la catastrophe a eu lieu dans la R\u00e9serve Navajo. La m\u00eame ann\u00e9e, il y a eu un accident \u00e0 la centrale de Three-Miles-Island, qui a fait la une des m\u00e9dias, et un film avec Meryl Streep dans le r\u00f4le principal. La catastrophe de Church Rock a toujours des cons\u00e9quences aujourd&#8217;hui. Ci-dessous, je reproduis le t\u00e9moignage de Leona Morgan, Navajo de Crownpoint (m\u00eame r\u00e9gion), qui est devenue une c\u00e9l\u00e8bre militante anti-nucl\u00e9aire \u00e0 cause des nombreux cancers qui se produisaient parmi ses proches. En 2019, elle est venue visiter Bure, pour manifester sa solidarit\u00e9, et <a href=\"https:\/\/chrisp.lautre.net\/wpblog\/?p=5196\">a expliqu\u00e9 la situation<\/a> \u00e0 laquelle elle et ses proches sont confront\u00e9s, et le travail qu&#8217;elle fait pour r\u00e9agir.<br \/>\nEn 2015, Tommy Rock, un chercheur Navajo de l&#8217;Universit\u00e9 de Flagstaff, a trouv\u00e9 de la radioactivit\u00e9 dans l&#8217;eau &#8220;potable&#8221; de Sanders, en aval. La pluie, plus abondante qu&#8217;\u00e0 l&#8217;ordinaire, avait entrain\u00e9 la radioactivit\u00e9 de Church Rock dans la rivi\u00e8re Puerco, normalement \u00e0 sec en \u00e9t\u00e9.<\/em><\/p>\n<p><em>Christine Prat, CSIA-Nitassinan<\/em><br \/>\n<strong><br \/>\nLa catastrophe de 1979, \u00e0 Churchrock<br \/>\n<\/strong><em><a href=\"https:\/\/chrisp.lautre.net\/wpblog\/?p=7215\">In English<\/a><br \/>\n<\/em><\/p>\n<p><a href=\"https:\/\/chrisp.lautre.net\/gallery\/displayimage.php?album=56&amp;pid=1299#top_display_media\"><img decoding=\"async\" loading=\"lazy\" class=\"alignleft \" src=\"https:\/\/chrisp.lautre.net\/gallery\/albums\/Mines\/chr-50950b.jpg\" width=\"285\" height=\"191\" \/><\/a>Le 16 juillet 1979, la pire catastrophe nucl\u00e9aire de l&#8217;histoire des Etats-Unis a eu lieu \u00e0 Churchrock, au Nouveau-Mexique. A Churchrock, il y avait deux mines d&#8217;uranium et une usine de traitement. L&#8217;usine avait un bassin de r\u00e9tention des d\u00e9chets. Les d\u00e9chets d&#8217;une usine de traitement sont beaucoup plus radioactifs que ceux des mines. Ce bassin \u00e9tait ferm\u00e9 par un barrage en argile. Il y avait une fissure dans ce barrage, l&#8217;entreprise le savait, le gouvernement aussi, mais l&#8217;entreprise a continu\u00e9 \u00e0 mettre des d\u00e9chets dans le bassin. A l&#8217;aube du 16 juillet 1979, le barrage s&#8217;est rompu. Plus de 400 millions de litres de d\u00e9chets radioactifs se sont d\u00e9vers\u00e9s dans un ravin \u00e0 sec, puis dans une rivi\u00e8re qui est \u00e0 sec la plupart de temps, la rivi\u00e8re Puerco.<a href=\"https:\/\/chrisp.lautre.net\/gallery\/displayimage.php?album=12&amp;pid=1301#top_display_media\"><img decoding=\"async\" loading=\"lazy\" class=\"alignright \" src=\"https:\/\/chrisp.lautre.net\/gallery\/albums\/Mines\/chr-51033.jpg\" width=\"279\" height=\"186\" \/><\/a> En g\u00e9n\u00e9ral, il n&#8217;y a pas d&#8217;eau, mais apr\u00e8s la fuite, il a plu et la rivi\u00e8re s&#8217;est remplie d&#8217;eau et a coul\u00e9 jusqu&#8217;\u00e0 160 km, en Arizona. \u00c7a s&#8217;est pass\u00e9 quelques mois apr\u00e8s l&#8217;accident de la centrale nucl\u00e9aire de Three-Miles-Island, \u00e0 Harrisburg. Bien que la fuite de Churchrock ait \u00e9t\u00e9 le pire accident qui se soit jamais produit, les m\u00e9dias n&#8217;en n&#8217;ont presque rien dit et \u00e7a n&#8217;a pas attir\u00e9 l&#8217;attention du public. Harrisburg se trouve dans l&#8217;est des U.S.A, dans une zone tr\u00e8s peupl\u00e9e, essentiellement de Blancs (il y a eu un film sur l&#8217;accident, avec Meryl Streep dans le r\u00f4le principal). A Churchrock, il n&#8217;y a pas beaucoup d&#8217;habitants et la plupart sont Autochtones.<\/p>\n<p><a href=\"https:\/\/chrisp.lautre.net\/gallery\/displayimage.php?album=56&amp;pid=1300#top_display_media\"><img decoding=\"async\" loading=\"lazy\" class=\"alignleft\" src=\"https:\/\/chrisp.lautre.net\/gallery\/albums\/Mines\/chr-50996.jpg\" width=\"279\" height=\"186\" \/><\/a>A ce jour, ce n&#8217;a toujours pas \u00e9t\u00e9 d\u00e9contamin\u00e9. En juillet 2015, Tommy Rock, un chercheur Din\u00e9 de l&#8217;Universit\u00e9 de Flagstaff, a d\u00e9couvert que l&#8217;eau potable d&#8217;une communaut\u00e9 Din\u00e9, \u00e0 Sanders, en Arizona, \u00e0 65 km en aval sur la rivi\u00e8re Puerco, contenait deux fois la concentration l\u00e9gale d&#8217;uranium. Les enfants de l&#8217;\u00e9cole locale ont re\u00e7u de l&#8217;eau en bouteille pour boire. La communaut\u00e9 se bat toujours pour que ce soit d\u00e9contamin\u00e9. Ils veulent que les d\u00e9chets soient enlev\u00e9s des environs de la Nation Navajo, loin de leurs maisons. &#8220;Mais&#8221; dit Leona, &#8220;\u00e0 cause de l&#8217;\u00e9chiquier, qui est hors de la R\u00e9serve, le gouvernement a entrepos\u00e9 les d\u00e9chets non loin de leurs maisons, et le vent les ram\u00e8ne.&#8221; Elle ajouta que &#8220;l&#8217;extraction d&#8217;uranium est interdite depuis 2005, mais ce sont les mines des ann\u00e9es 1980 qui continuent d&#8217;affecter les animaux et la communaut\u00e9.&#8221; <a href=\"https:\/\/chrisp.lautre.net\/gallery\/displayimage.php?album=56&amp;pid=2612#top_display_media\"><img decoding=\"async\" loading=\"lazy\" class=\"alignright \" src=\"https:\/\/chrisp.lautre.net\/gallery\/albums\/Mines\/chr-50948.jpg\" width=\"244\" height=\"164\" \/><\/a>Les gens veulent que les mines soient d\u00e9contamin\u00e9es. L&#8217;entreprise propose de gratter les d\u00e9chets radioactifs, de les entreposer sur les d\u00e9chets de l&#8217;usine, et de recouvrir le tout d&#8217;argile, affirmant que \u00e7a tiendrait au moins mille ans. Mais leur projet ne s&#8217;applique qu&#8217;au terrain priv\u00e9 de l&#8217;entreprise et n&#8217;inclue pas toute la zone touch\u00e9e par la fuite, jusqu&#8217;\u00e0 160 km \u00e0 l&#8217;ouest. Les gens craignent une autre fuite. Le Puerco est une rivi\u00e8re s\u00e8che, mais des pluies abondantes peuvent toujours se produire. (En tous cas, le Puerco n&#8217;\u00e9tait pas compl\u00e8tement \u00e0 sec en septembre 2015, il y avait probablement eu des pluies en juillet\u2026)<\/p>\n<p>Des 15 000 mines d&#8217;uranium abandonn\u00e9es, c&#8217;est le lieu le plus gravement touch\u00e9 des Etats-Unis.<\/p>\n","protected":false},"excerpt":{"rendered":"<p>Le 16 juillet 1979, s&#8217;est produit la plus grande catastrophe nucl\u00e9aire jusqu&#8217;alors. Depuis, Chernobyl et Fukushima ont fait mieux. Mais Church Rock reste une catastrophe majeure qui a encore des effets aujourd&#8217;hui. Personne n&#8217;en a parl\u00e9, vu que la catastrophe a eu lieu dans la R\u00e9serve Navajo. La m\u00eame ann\u00e9e, il y a eu un [&hellip;]<\/p>\n","protected":false},"author":2,"featured_media":0,"parent":0,"menu_order":0,"comment_status":"closed","ping_status":"closed","template":"","meta":[],"_links":{"self":[{"href":"https:\/\/chrisp.lautre.net\/wpblog\/index.php?rest_route=\/wp\/v2\/pages\/8231"}],"collection":[{"href":"https:\/\/chrisp.lautre.net\/wpblog\/index.php?rest_route=\/wp\/v2\/pages"}],"about":[{"href":"https:\/\/chrisp.lautre.net\/wpblog\/index.php?rest_route=\/wp\/v2\/types\/page"}],"author":[{"embeddable":true,"href":"https:\/\/chrisp.lautre.net\/wpblog\/index.php?rest_route=\/wp\/v2\/users\/2"}],"replies":[{"embeddable":true,"href":"https:\/\/chrisp.lautre.net\/wpblog\/index.php?rest_route=%2Fwp%2Fv2%2Fcomments&post=8231"}],"version-history":[{"count":2,"href":"https:\/\/chrisp.lautre.net\/wpblog\/index.php?rest_route=\/wp\/v2\/pages\/8231\/revisions"}],"predecessor-version":[{"id":8378,"href":"https:\/\/chrisp.lautre.net\/wpblog\/index.php?rest_route=\/wp\/v2\/pages\/8231\/revisions\/8378"}],"wp:attachment":[{"href":"https:\/\/chrisp.lautre.net\/wpblog\/index.php?rest_route=%2Fwp%2Fv2%2Fmedia&parent=8231"}],"curies":[{"name":"wp","href":"https:\/\/api.w.org\/{rel}","templated":true}]}}